{"id":777,"date":"2025-10-29T10:36:34","date_gmt":"2025-10-29T09:36:34","guid":{"rendered":"https:\/\/amc.be\/?page_id=777"},"modified":"2025-10-29T10:37:07","modified_gmt":"2025-10-29T09:37:07","slug":"piping","status":"publish","type":"page","link":"https:\/\/amc.be\/nl\/onze-diensten\/piping\/","title":{"rendered":"PIPING"},"content":{"rendered":"<div class=\"wp-block-media-text has-media-on-the-right is-stacked-on-mobile\"><div class=\"wp-block-media-text__content\">\n<p>AMC is een gevestigde waarde in de wereld van zware metaalconstructies. Met jarenlange ervaring en een sterke reputatie in kwaliteit en vakmanschap, staan wij garant voor betrouwbare oplossingen in staalbouw. <br>Van staalstructuren, piping tot equipment &#8211;  wij combineren expertise en vakmanschap om elk project volledig en effici\u00ebnt te realiseren. E\u00e9n aanspreekpunt, \u00e9\u00e9n oplossing, van ontwerp tot oplevering. <\/p>\n<\/div><figure class=\"wp-block-media-text__media\"><img loading=\"lazy\" decoding=\"async\" width=\"1024\" height=\"576\" src=\"https:\/\/amc.be\/wp-content\/uploads\/2025\/10\/492115652_1448893319663203_4944654603129090274_n-2-1024x576.jpg\" alt=\"\" class=\"wp-image-780 size-full\" srcset=\"https:\/\/amc.be\/wp-content\/uploads\/2025\/10\/492115652_1448893319663203_4944654603129090274_n-2-1024x576.jpg 1024w, https:\/\/amc.be\/wp-content\/uploads\/2025\/10\/492115652_1448893319663203_4944654603129090274_n-2-300x169.jpg 300w, https:\/\/amc.be\/wp-content\/uploads\/2025\/10\/492115652_1448893319663203_4944654603129090274_n-2-768x432.jpg 768w, https:\/\/amc.be\/wp-content\/uploads\/2025\/10\/492115652_1448893319663203_4944654603129090274_n-2-1536x864.jpg 1536w, https:\/\/amc.be\/wp-content\/uploads\/2025\/10\/492115652_1448893319663203_4944654603129090274_n-2.jpg 1600w\" sizes=\"auto, (max-width: 1024px) 100vw, 1024px\" \/><\/figure><\/div>\n\n\n\n<div class=\"wp-block-media-text is-stacked-on-mobile\"><figure class=\"wp-block-media-text__media\"><img loading=\"lazy\" decoding=\"async\" width=\"1920\" height=\"2560\" src=\"http:\/\/amc.be\/wp-content\/uploads\/2025\/10\/IMG_2805-3-scaled.jpg\" alt=\"\" class=\"wp-image-781 size-full\" srcset=\"https:\/\/amc.be\/wp-content\/uploads\/2025\/10\/IMG_2805-3-scaled.jpg 1920w, https:\/\/amc.be\/wp-content\/uploads\/2025\/10\/IMG_2805-3-225x300.jpg 225w\" sizes=\"auto, (max-width: 1920px) 100vw, 1920px\" \/><\/figure><div class=\"wp-block-media-text__content\">\n<p>Onze technische knowhow, gecombineerd met een doorgedreven focus op kwaliteit, maakt van AMC een geschikte partner voor het ontwerp, de prefabricatie en installatie van industri\u00eble leidingsystemen. <br>We beschikken over de nodige infrastructuur en vakmensen om ook deze projecten tot een goed einde te brengen. <\/p>\n<\/div><\/div>\n\n\n\n<p><\/p>\n\n\n\n<figure class=\"wp-block-image size-large\"><img loading=\"lazy\" decoding=\"async\" width=\"958\" height=\"1024\" src=\"https:\/\/amc.be\/wp-content\/uploads\/2025\/10\/IMG_2832kopie-min-1-958x1024.jpg\" alt=\"\" class=\"wp-image-783\" srcset=\"https:\/\/amc.be\/wp-content\/uploads\/2025\/10\/IMG_2832kopie-min-1-958x1024.jpg 958w, https:\/\/amc.be\/wp-content\/uploads\/2025\/10\/IMG_2832kopie-min-1-281x300.jpg 281w, https:\/\/amc.be\/wp-content\/uploads\/2025\/10\/IMG_2832kopie-min-1-768x821.jpg 768w, https:\/\/amc.be\/wp-content\/uploads\/2025\/10\/IMG_2832kopie-min-1-1437x1536.jpg 1437w, https:\/\/amc.be\/wp-content\/uploads\/2025\/10\/IMG_2832kopie-min-1-1916x2048.jpg 1916w\" sizes=\"auto, (max-width: 958px) 100vw, 958px\" \/><\/figure>","protected":false},"excerpt":{"rendered":"<p>AMC is een gevestigde waarde in de wereld van zware metaalconstructies. Met jarenlange ervaring en een sterke reputatie in kwaliteit en vakmanschap, staan wij garant voor betrouwbare oplossingen in staalbouw. Van staalstructuren, piping tot equipment &#8211; wij combineren expertise en vakmanschap om elk project volledig en effici\u00ebnt te realiseren. E\u00e9n aanspreekpunt, \u00e9\u00e9n oplossing, van ontwerp [&hellip;]<\/p>","protected":false},"author":1,"featured_media":0,"parent":769,"menu_order":0,"comment_status":"closed","ping_status":"closed","template":"","meta":{"footnotes":""},"class_list":["post-777","page","type-page","status-publish","hentry"],"_links":{"self":[{"href":"https:\/\/amc.be\/nl\/wp-json\/wp\/v2\/pages\/777","targetHints":{"allow":["GET"]}}],"collection":[{"href":"https:\/\/amc.be\/nl\/wp-json\/wp\/v2\/pages"}],"about":[{"href":"https:\/\/amc.be\/nl\/wp-json\/wp\/v2\/types\/page"}],"author":[{"embeddable":true,"href":"https:\/\/amc.be\/nl\/wp-json\/wp\/v2\/users\/1"}],"replies":[{"embeddable":true,"href":"https:\/\/amc.be\/nl\/wp-json\/wp\/v2\/comments?post=777"}],"version-history":[{"count":3,"href":"https:\/\/amc.be\/nl\/wp-json\/wp\/v2\/pages\/777\/revisions"}],"predecessor-version":[{"id":785,"href":"https:\/\/amc.be\/nl\/wp-json\/wp\/v2\/pages\/777\/revisions\/785"}],"up":[{"embeddable":true,"href":"https:\/\/amc.be\/nl\/wp-json\/wp\/v2\/pages\/769"}],"wp:attachment":[{"href":"https:\/\/amc.be\/nl\/wp-json\/wp\/v2\/media?parent=777"}],"curies":[{"name":"wp","href":"https:\/\/api.w.org\/{rel}","templated":true}]}}